{"id":83,"date":"2016-04-15T16:56:23","date_gmt":"2016-04-15T14:56:23","guid":{"rendered":"http:\/\/www.icleopardi.edu.it\/?page_id=38"},"modified":"2016-04-15T16:56:23","modified_gmt":"2016-04-15T14:56:23","slug":"cookie-e-privacy","status":"publish","type":"page","link":"http:\/\/www.icleopardi.edu.it\/cookie-e-privacy\/","title":{"rendered":"Cookie e Privacy"},"content":{"rendered":"<h1>Informativa sull&#8217;uso dei cookie ai sensi del Provvedimento n. 229 dell&#8217;8 maggio 2014<\/h1>\n<p>Questo sito (http:\/\/www.icleopardi.gov.it\/) potrebbe raccogliere cookie di terze parti (attraverso i bottoni di condivisione dei social network) e cookie tecnici che servono al normale funzionamento del sito.<br \/>\n[tabs][tab title=&#8221;Definizioni&#8221;]<br \/>\nCosa sono i cookie?<br \/>\nI cookie sono piccoli file di testo che i siti visitati dagli utenti inviano ai loro terminali, dove vengono memorizzati per essere poi ritrasmessi agli stessi siti alla visita successiva. I cookie delle c.d. &#8220;terze parti&#8221; vengono, invece, impostati da un sito web diverso da quello che l&#8217;utente sta visitando. Questo perch\u00e9 su ogni sito possono essere presenti elementi (immagini, mappe, suoni, specifici link a pagine web di altri domini, ecc.) che risiedono su server diversi da quello del sito visitato.<br \/>\nA cosa servono i cookie?<br \/>\nI cookie sono usati per differenti finalit\u00e0: esecuzione di autenticazioni informatiche, monitoraggio di sessioni, memorizzazione di informazioni su specifiche configurazioni riguardanti gli utenti che accedono al server, memorizzazione delle preferenze, ecc.<br \/>\nTipologie di cookie<br \/>\nTecnici: Sono i cookie che servono a effettuare la navigazione o a fornire un servizio richiesto dall&#8217;utente. Non vengono utilizzati per scopi ulteriori e sono normalmente installati direttamente dal titolare del sito web.<br \/>\nAnalitici: Sono i cookie utilizzati per stilare le statistiche di utilizzo del sito.<br \/>\nDi profilazione: Sono i cookie utilizzati per tracciare la navigazione dell&#8217;utente in rete e creare profili sui suoi gusti, abitudini, scelte, ecc. Con questi cookie possono essere trasmessi al terminale dell&#8217;utente messaggi pubblicitari in linea con le preferenze gi\u00e0 manifestate dallo stesso utente nella navigazione online.<br \/>\nCookie di sessione: Scadono e vengono eliminati alla fine della sessione di navigazione (chiusura del browser).<br \/>\nCookie persistenti: Non scadono con la sessione ma restano attivi anche per tempi molto lunghi (mesi, anni) e permettono al sito di riconoscere automaticamente l&#8217;utente e le sue preferenze.<br \/>\nCookie di terze parti<br \/>\nVisitando un sito web si possono ricevere cookie sia dal sito visitato (\u201cproprietari\u201d), sia da siti gestiti da altre organizzazioni (\u201cterze parti\u201d). Un esempio notevole \u00e8 rappresentato dalla presenza dei \u201csocial plugin\u201d per Facebook, Twitter, Google+, Pinterest (o dei video incorporati di Youtube). Si tratta di parti della pagina visitata generate direttamente dai suddetti siti ed integrati nella pagina del sito ospitante. L&#8217;utilizzo pi\u00f9 comune dei social plugin \u00e8 finalizzato alla condivisione dei contenuti sui social network.<br \/>\nLa presenza di questi plugin comporta la trasmissione di cookie da e verso tutti i siti gestiti da terze parti. La gestione delle informazioni raccolte da \u201cterze parti\u201d \u00e8 disciplinata dalle relative informative cui si prega di fare riferimento. Per garantire una maggiore trasparenza e comodit\u00e0, si riportano qui di seguito gli indirizzi web delle diverse informative e delle modalit\u00e0 per la gestione dei cookie.<br \/>\nTumbrl: Privacy Policy: https:\/\/www.tumblr.com\/policy\/en\/privacy<br \/>\nFacebook informativa: https:\/\/www.facebook.com\/help\/cookies\/<br \/>\nFacebook (configurazione): accedere al proprio account. Sezione privacy.<br \/>\nTwitter informative: https:\/\/support.twitter.com\/articles\/20170514<br \/>\nTwitter (configurazione): https:\/\/twitter.com\/settings\/security<br \/>\nGoogle+ informativa: http:\/\/www.google.it\/intl\/it\/policies\/technologies\/cookies\/<br \/>\nGoogle+ (configurazione): http:\/\/www.google.it\/intl\/it\/policies\/technologies\/managing\/<br \/>\nYoutube: Norme sulla Privacy: http:\/\/www.google.it\/intl\/it\/policies\/privacy\/<br \/>\nPinterest: Termini e Privacy: https:\/\/about.pinterest.com\/it\/terms-service<br \/>\n[\/tab]<br \/>\n[tab title=&#8221;Durata dei cookie&#8221;]<br \/>\nAlcuni cookie (cookie di sessione) restano attivi solo fino alla chiusura del browser o all&#8217;esecuzione del comando di logout. Altri cookie \u201csopravvivono\u201d alla chiusura delbrowser e sono disponibili anche in successive visite dell&#8217;utente.<br \/>\nQuesti cookie sono detti persistenti e la loro durata \u00e8 fissata dal server al momento della loro creazione. In alcuni casi \u00e8 fissata una scadenza, in altri casi la durata \u00e8 illimitata.<br \/>\nI siti gestiti da terze parti possono creare o modificare cookie permanenti e di profilazione.<br \/>\n[\/tab]<br \/>\n[tab title=&#8221;Gestione dei cookie&#8221;]<br \/>\nL&#8217;utente pu\u00f2 decidere se accettare o meno i cookie utilizzando le impostazioni del proprio browser.<br \/>\nLa disabilitazione dei cookie \u201cterze parti\u201d non pregiudica in alcun modo la navigabilit\u00e0.<br \/>\nL&#8217;impostazione pu\u00f2 essere definita in modo specifico per i diversi siti e applicazioni web. Inoltre i migliori browser consentono di definire impostazioni diverse per i cookie \u201cproprietari\u201d e per quelli di \u201cterze parti\u201d.<br \/>\nA titolo di esempio, in Firefox, attraverso il menu Strumenti-&gt;Opzioni -&gt;Privacy, \u00e8 possibile accedere ad un pannello di controllo dove \u00e8 possibile definire se accettare o meno i diversi tipi di cookie e procedere alla loro rimozione.<br \/>\nChrome: https:\/\/support.google.com\/chrome\/answer\/95647?hl=it<br \/>\nFirefox: https:\/\/support.mozilla.org\/it\/kb\/Gestione%20dei%20cookie<br \/>\nInternet Explorer: http:\/\/windows.microsoft.com\/it-it\/windows7\/how-to-manage-cookies-in-internet-explorer-9<br \/>\nOpera: http:\/\/help.opera.com\/Windows\/10.00\/it\/cookies.html<br \/>\nSafari: http:\/\/support.apple.com\/kb\/HT1677?viewlocale=it_IT<br \/>\nEsiste un componente aggiuntivo (addon) per i principali browser per bloccare e gestire i cookie, molto semplice da usare: Ghostery<br \/>\nConsenso:<br \/>\nContinuando a navigare il sito in qualsiasi sua parte si accettano termini e condizioni.<br \/>\nPer un approfondimento sui cookie \u00e8 possibile leggere l\u2019 intero testo normativo sul sito del garante della privacy: http:\/\/www.garanteprivacy.it\/web\/guest\/home\/docweb\/-\/docweb-display\/docweb\/3118884<br \/>\nPer contatti e chiarimenti scrivere a:<br \/>\n[\/tab]<br \/>\n[\/tabs]<\/p>\n","protected":false},"excerpt":{"rendered":"<p>Informativa sull&#8217;uso dei cookie ai sensi del Provvedimento n. 229 dell&#8217;8 maggio 2014 Questo sito (http:\/\/www.icleopardi.gov.it\/) potrebbe raccogliere cookie di terze parti (attraverso i bottoni di condivisione dei social network) e cookie tecnici che servono al [&hellip;]<\/p>\n","protected":false},"author":1,"featured_media":0,"parent":0,"menu_order":0,"comment_status":"closed","ping_status":"closed","template":"","meta":[],"_links":{"self":[{"href":"http:\/\/www.icleopardi.edu.it\/wp-json\/wp\/v2\/pages\/83"}],"collection":[{"href":"http:\/\/www.icleopardi.edu.it\/wp-json\/wp\/v2\/pages"}],"about":[{"href":"http:\/\/www.icleopardi.edu.it\/wp-json\/wp\/v2\/types\/page"}],"author":[{"embeddable":true,"href":"http:\/\/www.icleopardi.edu.it\/wp-json\/wp\/v2\/users\/1"}],"replies":[{"embeddable":true,"href":"http:\/\/www.icleopardi.edu.it\/wp-json\/wp\/v2\/comments?post=83"}],"version-history":[{"count":0,"href":"http:\/\/www.icleopardi.edu.it\/wp-json\/wp\/v2\/pages\/83\/revisions"}],"wp:attachment":[{"href":"http:\/\/www.icleopardi.edu.it\/wp-json\/wp\/v2\/media?parent=83"}],"curies":[{"name":"wp","href":"https:\/\/api.w.org\/{rel}","templated":true}]}}